{"id":2905,"date":"2025-07-14T17:56:57","date_gmt":"2025-07-14T17:56:57","guid":{"rendered":"https:\/\/oecv.cv\/?page_id=2905"},"modified":"2025-07-14T18:01:43","modified_gmt":"2025-07-14T18:01:43","slug":"aproveitamentos-hidraulicos","status":"publish","type":"page","link":"https:\/\/oecv.cv\/?page_id=2905","title":{"rendered":"Curso &#8220;Aproveitamentos Hidr\u00e1ulicos&#8221;"},"content":{"rendered":"\n<p><strong>Curso &#8220;Aproveitamentos Hidr\u00e1ulicos<\/strong>&#8220;<\/p>\n\n\n\n<p>A Infraestruturas de Cabo Verde (ICV), em parceria com o Laborat\u00f3rio de Engenharia Civil de Cabo Verde (LEC), participaram em Portugal, numa forma\u00e7ao sobre Aproveitamentos Hidraulicos promovido pelo Cons\u00f3rcio VET4Hydro.<\/p>\n\n\n\n<p class=\"has-luminous-vivid-amber-background-color has-background\"><strong>Tendo em conta a importancia do tema pretende realizar um encontro com os Engenheiros para apresenta\u00e7ao e divulga\u00e7ao dos mesmos a ter lugar no dia\u00a0\u00a018 de Julho pelas 17 horas nas instala\u00e7oes da OECV.<\/strong><\/p>\n\n\n\n<p>O projeto VET4Hydro \u2013 Parceria de Educa\u00e7\u00e3o Vocacional para Energia Hidroel\u00e9trica \u00e9 liderado pelo Laborat\u00f3rio Nacional de Engenharia Civil (LNEC), de Portugal, e cofinanciado pela Uni\u00e3o Europeia. O curso, realizado em Lisboa &#8211; ver&nbsp;<a href=\"https:\/\/www.youtube.com\/watch?v=PpujUo014ko&amp;ab_channel=VET4Hydro-PartnershipforHydropower\" target=\"_blank\" rel=\"noreferrer noopener\">link<\/a>&nbsp;&#8211; contou com uma abrangente abordagem t\u00e9cnica, incluindo componentes hidrol\u00f3gicas, hidr\u00e1ulicas, geot\u00e9cnicas e estruturais relacionadas \u00e0s barragens e demais aproveitamentos hidr\u00e1ulicos.<\/p>\n\n\n\n<p>Face \u00e0 relev\u00e2ncia t\u00e9cnica e cient\u00edfica dos conte\u00fados abordados que poder\u00e3o ser de interesse&nbsp;&nbsp;&nbsp;dos Senhores Engenheiros segue os&nbsp;&nbsp;seguintes links .<\/p>\n\n\n\n<ol start=\"1\" class=\"wp-block-list\">\n<li>Site do projeto Parceria de Educa\u00e7\u00e3o e Treinamento Vocacional para Energia Hidrel\u00e9trica &#8211;<a href=\"https:\/\/vet4hydro.lnec.pt\/\" target=\"_blank\" rel=\"noopener\" title=\"\">VET4Hydro<\/a><\/li>\n\n\n\n<li><a href=\"https:\/\/www.youtube.com\/playlist?list=PLi0DFBgsiCRtJDzwzTvLUzby84f23yyg0\" target=\"_blank\" rel=\"noopener\" title=\"\">Link para as video aulas<\/a><\/li>\n\n\n\n<li>Material de suporte \u00e0s aulas, em anexo.<\/li>\n<\/ol>\n\n\n\n<p>A Eng.&nbsp;<a href=\"mailto:Anyzabel.Vieira@infraestruturas.cv\" target=\"_blank\" rel=\"noreferrer noopener\">ICV &#8211; Anyzabel G. Tavares Vieira<\/a>&nbsp;\u00e9 o nosso ponto focal para eventuais esclarecimentos.&nbsp;<\/p>\n\n\n\n<p><\/p>\n","protected":false},"excerpt":{"rendered":"<p>Curso &#8220;Aproveitamentos Hidr\u00e1ulicos&#8220; A Infraestruturas de Cabo Verde (ICV), em parceria com o Laborat\u00f3rio de Engenharia Civil de Cabo Verde (LEC), participaram em Portugal, numa forma\u00e7ao sobre Aproveitamentos Hidraulicos promovido pelo Cons\u00f3rcio VET4Hydro. Tendo em conta a importancia do tema pretende realizar um encontro com os Engenheiros<\/p>\n","protected":false},"author":1,"featured_media":0,"parent":0,"menu_order":0,"comment_status":"closed","ping_status":"closed","template":"","meta":{"_monsterinsights_skip_tracking":false,"_monsterinsights_sitenote_active":false,"_monsterinsights_sitenote_note":"","_monsterinsights_sitenote_category":0,"footnotes":""},"class_list":["post-2905","page","type-page","status-publish","hentry"],"aioseo_notices":[],"_links":{"self":[{"href":"https:\/\/oecv.cv\/index.php?rest_route=\/wp\/v2\/pages\/2905","targetHints":{"allow":["GET"]}}],"collection":[{"href":"https:\/\/oecv.cv\/index.php?rest_route=\/wp\/v2\/pages"}],"about":[{"href":"https:\/\/oecv.cv\/index.php?rest_route=\/wp\/v2\/types\/page"}],"author":[{"embeddable":true,"href":"https:\/\/oecv.cv\/index.php?rest_route=\/wp\/v2\/users\/1"}],"replies":[{"embeddable":true,"href":"https:\/\/oecv.cv\/index.php?rest_route=%2Fwp%2Fv2%2Fcomments&post=2905"}],"version-history":[{"count":6,"href":"https:\/\/oecv.cv\/index.php?rest_route=\/wp\/v2\/pages\/2905\/revisions"}],"predecessor-version":[{"id":2913,"href":"https:\/\/oecv.cv\/index.php?rest_route=\/wp\/v2\/pages\/2905\/revisions\/2913"}],"wp:attachment":[{"href":"https:\/\/oecv.cv\/index.php?rest_route=%2Fwp%2Fv2%2Fmedia&parent=2905"}],"curies":[{"name":"wp","href":"https:\/\/api.w.org\/{rel}","templated":true}]}}