{"id":2232,"date":"2024-03-11T19:18:40","date_gmt":"2024-03-11T19:18:40","guid":{"rendered":"https:\/\/oecv.cv\/?page_id=2232"},"modified":"2024-04-17T12:04:03","modified_gmt":"2024-04-17T12:04:03","slug":"atualidades","status":"publish","type":"page","link":"https:\/\/oecv.cv\/?page_id=2232","title":{"rendered":"Atualidades"},"content":{"rendered":"\t\t<div data-elementor-type=\"wp-page\" data-elementor-id=\"2232\" class=\"elementor elementor-2232\">\n\t\t\t\t<div class=\"elementor-element elementor-element-47cb3fb e-flex e-con-boxed e-con e-parent\" data-id=\"47cb3fb\" data-element_type=\"container\">\n\t\t\t\t\t<div class=\"e-con-inner\">\n\t\t\t\t<div class=\"elementor-element elementor-element-fa52d3c elementor-widget elementor-widget-gutenberg-post-blocks\" data-id=\"fa52d3c\" data-element_type=\"widget\" data-widget_type=\"gutenberg-post-blocks.default\">\n\t\t\t\t<div class=\"elementor-widget-container\">\n\t\t\t\t\t<div class=\"ultp-shortcode\" data-postid=\"2713\"><div  class=\"wp-block-ultimate-post-post-grid-1 ultp-block-d538e7\"><div class=\"ultp-block-wrapper\"><div class=\"ultp-loading\"><div class=\"ultp-loading-blocks\" style=\"width:100%;height:100%;\"><div style=\"left: 0;top: 0;animation-delay:0s;\"><\/div><div style=\"left: 21px;top: 0;animation-delay:0.125s;\"><\/div><div style=\"left: 42px;top: 0;animation-delay:0.25s;\"><\/div><div style=\"left: 0;top: 21px;animation-delay:0.875s;\"><\/div><div style=\"left: 42px;top: 21px;animation-delay:0.375s;\"><\/div><div style=\"left: 0;top: 42px;animation-delay:0.75s;\"><\/div><div style=\"left: 42px;top: 42px;animation-delay:0.625s;\"><\/div><div style=\"left: 21px;top: 42px;animation-delay:0.5s;\"><\/div><\/div><\/div><div class=\"ultp-block-items-wrap ultp-block-row ultp-pg1a-style1 ultp-block-column-2 ultp-layout1\"><article class=\"ultp-block-item post-id-2877\"><div class=\"ultp-block-content-wrap\"><div class=\"ultp-block-image ultp-block-image-opacity\"><a href=\"https:\/\/oecv.cv\/?p=2877\" ><img decoding=\"async\"  alt=\"Congresso do Conselho Internacional de Engenharia de L\u00edngua Portuguesa (CIELP)\"  src=\"https:\/\/oecv.cv\/wp-content\/uploads\/2025\/06\/image01-oecv-870x570.png\" \/><\/a><\/div><div class=\"ultp-block-content\"><h3 class=\"ultp-block-title \"><a href=\"https:\/\/oecv.cv\/?p=2877\" >Congresso do Conselho Internacional de Engenharia de L\u00edngua Portuguesa (CIELP)<\/a><\/h3><div class=\"ultp-block-meta ultp-block-meta-dot ultp-block-meta-icon\"><span class=\"ultp-block-author\"><svg xmlns=\"http:\/\/www.w3.org\/2000\/svg\" viewBox=\"0 0 18 20\"><path d=\"M18,19 C18,19.5522847 17.5522847,20 17,20 C16.4477153,20 16,19.5522847 16,19 L16,17 C16,15.3431458 14.6568542,14 13,14 L5,14 C3.34314575,14 2,15.3431458 2,17 L2,19 C2,19.5522847 1.55228475,20 1,20 C0.44771525,20 0,19.5522847 0,19 L0,17 C0,14.2385763 2.23857625,12 5,12 L13,12 C15.7614237,12 18,14.2385763 18,17 L18,19 Z M9,10 C6.23857625,10 4,7.76142375 4,5 C4,2.23857625 6.23857625,0 9,0 C11.7614237,0 14,2.23857625 14,5 C14,7.76142375 11.7614237,10 9,10 Z M9,8 C10.6568542,8 12,6.65685425 12,5 C12,3.34314575 10.6568542,2 9,2 C7.34314575,2 6,3.34314575 6,5 C6,6.65685425 7.34314575,8 9,8 Z\"\/><\/svg><a href=\"javascript:void(0)\">oecv<\/a><\/span><span class=\"ultp-block-date\"><svg xmlns=\"http:\/\/www.w3.org\/2000\/svg\" viewBox=\"0 0 18 19\"><path d=\"M4.60069444,4.09375 L3.25,4.09375 C2.47334957,4.09375 1.84375,4.72334957 1.84375,5.5 L1.84375,7.26736111 L16.15625,7.26736111 L16.15625,5.5 C16.15625,4.72334957 15.5266504,4.09375 14.75,4.09375 L13.3993056,4.09375 L13.3993056,4.55555556 C13.3993056,5.02154581 13.0215458,5.39930556 12.5555556,5.39930556 C12.0895653,5.39930556 11.7118056,5.02154581 11.7118056,4.55555556 L11.7118056,4.09375 L6.28819444,4.09375 L6.28819444,4.55555556 C6.28819444,5.02154581 5.9104347,5.39930556 5.44444444,5.39930556 C4.97845419,5.39930556 4.60069444,5.02154581 4.60069444,4.55555556 L4.60069444,4.09375 Z M6.28819444,2.40625 L11.7118056,2.40625 L11.7118056,1 C11.7118056,0.534009742 12.0895653,0.15625 12.5555556,0.15625 C13.0215458,0.15625 13.3993056,0.534009742 13.3993056,1 L13.3993056,2.40625 L14.75,2.40625 C16.4586309,2.40625 17.84375,3.79136906 17.84375,5.5 L17.84375,15.875 C17.84375,17.5836309 16.4586309,18.96875 14.75,18.96875 L3.25,18.96875 C1.54136906,18.96875 0.15625,17.5836309 0.15625,15.875 L0.15625,5.5 C0.15625,3.79136906 1.54136906,2.40625 3.25,2.40625 L4.60069444,2.40625 L4.60069444,1 C4.60069444,0.534009742 4.97845419,0.15625 5.44444444,0.15625 C5.9104347,0.15625 6.28819444,0.534009742 6.28819444,1 L6.28819444,2.40625 Z M1.84375,8.95486111 L1.84375,15.875 C1.84375,16.6516504 2.47334957,17.28125 3.25,17.28125 L14.75,17.28125 C15.5266504,17.28125 16.15625,16.6516504 16.15625,15.875 L16.15625,8.95486111 L1.84375,8.95486111 Z\"\/><\/svg>Jun 18, 2025<\/span><span class=\"ultp-post-read\"><svg xmlns=\"http:\/\/www.w3.org\/2000\/svg\" enable-background=\"new 0 0 485.5 485.5\" viewBox=\"0 0 485.5 485.5\"><path d=\"m422.1 126.2h-295.7c-27.4 0-49.8-22.3-49.8-49.8 0-27.4 22.3-49.8 49.8-49.8h295.8c7.4 0 13.3-6 13.3-13.3 0-7.4-6-13.3-13.3-13.3h-295.8c-42.1 0-76.4 34.3-76.4 76.4v332.7c0 42.1 34.3 76.4 76.4 76.4h295.8c7.4 0 13.3-6 13.3-13.3v-332.7c-0.1-7.3-6-13.3-13.4-13.3zm-13.3 332.7h-282.4c-27.4 0-49.8-22.3-49.8-49.8v-274.7c13.4 11.5 30.8 18.5 49.8 18.5h282.4v306z\"\/><path d=\"M130.6,64.3c-7.4,0-13.3,6-13.3,13.3s6,13.3,13.3,13.3h249.8c7.4,0,13.3-6,13.3-13.3s-6-13.3-13.3-13.3H130.6z\"\/><path d=\"m177.4 400.7c1.5 0.5 3 0.8 4.5 0.8 5.5 0 10.6-3.4 12.5-8.8l16.2-45.3h62.4c0.5 0 1.1 0 1.6-0.1l16.2 45.4c1.9 5.4 7.1 8.8 12.5 8.8 1.5 0 3-0.3 4.5-0.8 6.9-2.5 10.5-10.1 8-17l-60.6-169.9c-0.1-0.4-0.3-0.8-0.5-1.2l-0.6-1.2c-0.1-0.2-0.3-0.4-0.4-0.7-0.1-0.1-0.2-0.3-0.3-0.4-0.1-0.2-0.3-0.4-0.5-0.6-0.1-0.1-0.2-0.3-0.4-0.4-0.1-0.2-0.3-0.3-0.5-0.5s-0.3-0.3-0.5-0.5c-0.1-0.1-0.3-0.2-0.4-0.4-0.2-0.2-0.4-0.3-0.6-0.5-0.1-0.1-0.3-0.2-0.4-0.3-0.2-0.1-0.4-0.3-0.6-0.4l-0.6-0.3s-0.4-0.2-0.6-0.3c-0.4-0.2-0.8-0.4-1.2-0.5h-0.1l-1.2-0.3c-0.2 0-0.3-0.1-0.5-0.1-0.3-0.1-0.5-0.1-0.8-0.2-0.2 0-0.4 0-0.6-0.1-0.2 0-0.5-0.1-0.7-0.1s-0.4 0-0.6 0h-0.7c-0.2 0-0.5 0-0.7 0.1-0.2 0-0.4 0-0.6 0.1-0.3 0-0.5 0.1-0.8 0.2-0.2 0-0.3 0.1-0.5 0.1-0.4 0.1-0.8 0.2-1.1 0.3h-0.1c-0.4 0.1-0.8 0.3-1.2 0.5l-1.2 0.6c-0.2 0.1-0.4 0.3-0.7 0.4-0.1 0.1-0.3 0.2-0.4 0.3-0.2 0.2-0.4 0.3-0.6 0.5-0.1 0.1-0.3 0.2-0.4 0.4l-0.5 0.5s-0.3 0.3-0.5 0.5c-0.1 0.1-0.2 0.3-0.4 0.4-0.2 0.2-0.3 0.4-0.5 0.6-0.1 0.1-0.2 0.3-0.3 0.4-0.1 0.2-0.3 0.4-0.4 0.6l-0.6 1.2c-0.2 0.4-0.4 0.8-0.5 1.2l-60.8 169.9c-2.2 7 1.4 14.6 8.3 17.1zm65.3-142.9 22.5 63h-45.1l22.6-63z\"\/><\/svg>1 min read<\/span><\/div><div class=\"ultp-block-excerpt\"><p>Decorreu nos dias 16 e 17 de maio de 2025 o 5.\u00ba Congresso do Conselho Internacional de Engenharia de L\u00edngua Portuguesa (CIELP). O encontro teve lugar no Audit\u00f3rio da Sede Ang\u00e9lica do CREA-SP, em S. Paulo \u2013 Brasil.&nbsp; Cabo Verde esteve representado na reuni\u00e3o pelo Baston\u00e1rio, Engenheiro,&hellip;<\/p>\n<\/div><\/div><\/div><\/article><article class=\"ultp-block-item post-id-2863\"><div class=\"ultp-block-content-wrap\"><div class=\"ultp-block-image ultp-block-image-opacity\"><a href=\"https:\/\/oecv.cv\/?p=2863\" ><img decoding=\"async\"  alt=\"Dia do Engenheiro\"  src=\"https:\/\/oecv.cv\/wp-content\/uploads\/2025\/05\/IMG_5831-870x570.jpg\" \/><\/a><\/div><div class=\"ultp-block-content\"><h3 class=\"ultp-block-title \"><a href=\"https:\/\/oecv.cv\/?p=2863\" >Dia do Engenheiro<\/a><\/h3><div class=\"ultp-block-meta ultp-block-meta-dot ultp-block-meta-icon\"><span class=\"ultp-block-author\"><svg xmlns=\"http:\/\/www.w3.org\/2000\/svg\" viewBox=\"0 0 18 20\"><path d=\"M18,19 C18,19.5522847 17.5522847,20 17,20 C16.4477153,20 16,19.5522847 16,19 L16,17 C16,15.3431458 14.6568542,14 13,14 L5,14 C3.34314575,14 2,15.3431458 2,17 L2,19 C2,19.5522847 1.55228475,20 1,20 C0.44771525,20 0,19.5522847 0,19 L0,17 C0,14.2385763 2.23857625,12 5,12 L13,12 C15.7614237,12 18,14.2385763 18,17 L18,19 Z M9,10 C6.23857625,10 4,7.76142375 4,5 C4,2.23857625 6.23857625,0 9,0 C11.7614237,0 14,2.23857625 14,5 C14,7.76142375 11.7614237,10 9,10 Z M9,8 C10.6568542,8 12,6.65685425 12,5 C12,3.34314575 10.6568542,2 9,2 C7.34314575,2 6,3.34314575 6,5 C6,6.65685425 7.34314575,8 9,8 Z\"\/><\/svg><a href=\"javascript:void(0)\">oecv<\/a><\/span><span class=\"ultp-block-date\"><svg xmlns=\"http:\/\/www.w3.org\/2000\/svg\" viewBox=\"0 0 18 19\"><path d=\"M4.60069444,4.09375 L3.25,4.09375 C2.47334957,4.09375 1.84375,4.72334957 1.84375,5.5 L1.84375,7.26736111 L16.15625,7.26736111 L16.15625,5.5 C16.15625,4.72334957 15.5266504,4.09375 14.75,4.09375 L13.3993056,4.09375 L13.3993056,4.55555556 C13.3993056,5.02154581 13.0215458,5.39930556 12.5555556,5.39930556 C12.0895653,5.39930556 11.7118056,5.02154581 11.7118056,4.55555556 L11.7118056,4.09375 L6.28819444,4.09375 L6.28819444,4.55555556 C6.28819444,5.02154581 5.9104347,5.39930556 5.44444444,5.39930556 C4.97845419,5.39930556 4.60069444,5.02154581 4.60069444,4.55555556 L4.60069444,4.09375 Z M6.28819444,2.40625 L11.7118056,2.40625 L11.7118056,1 C11.7118056,0.534009742 12.0895653,0.15625 12.5555556,0.15625 C13.0215458,0.15625 13.3993056,0.534009742 13.3993056,1 L13.3993056,2.40625 L14.75,2.40625 C16.4586309,2.40625 17.84375,3.79136906 17.84375,5.5 L17.84375,15.875 C17.84375,17.5836309 16.4586309,18.96875 14.75,18.96875 L3.25,18.96875 C1.54136906,18.96875 0.15625,17.5836309 0.15625,15.875 L0.15625,5.5 C0.15625,3.79136906 1.54136906,2.40625 3.25,2.40625 L4.60069444,2.40625 L4.60069444,1 C4.60069444,0.534009742 4.97845419,0.15625 5.44444444,0.15625 C5.9104347,0.15625 6.28819444,0.534009742 6.28819444,1 L6.28819444,2.40625 Z M1.84375,8.95486111 L1.84375,15.875 C1.84375,16.6516504 2.47334957,17.28125 3.25,17.28125 L14.75,17.28125 C15.5266504,17.28125 16.15625,16.6516504 16.15625,15.875 L16.15625,8.95486111 L1.84375,8.95486111 Z\"\/><\/svg>Mai 7, 2025<\/span><span class=\"ultp-post-read\"><svg xmlns=\"http:\/\/www.w3.org\/2000\/svg\" enable-background=\"new 0 0 485.5 485.5\" viewBox=\"0 0 485.5 485.5\"><path d=\"m422.1 126.2h-295.7c-27.4 0-49.8-22.3-49.8-49.8 0-27.4 22.3-49.8 49.8-49.8h295.8c7.4 0 13.3-6 13.3-13.3 0-7.4-6-13.3-13.3-13.3h-295.8c-42.1 0-76.4 34.3-76.4 76.4v332.7c0 42.1 34.3 76.4 76.4 76.4h295.8c7.4 0 13.3-6 13.3-13.3v-332.7c-0.1-7.3-6-13.3-13.4-13.3zm-13.3 332.7h-282.4c-27.4 0-49.8-22.3-49.8-49.8v-274.7c13.4 11.5 30.8 18.5 49.8 18.5h282.4v306z\"\/><path d=\"M130.6,64.3c-7.4,0-13.3,6-13.3,13.3s6,13.3,13.3,13.3h249.8c7.4,0,13.3-6,13.3-13.3s-6-13.3-13.3-13.3H130.6z\"\/><path d=\"m177.4 400.7c1.5 0.5 3 0.8 4.5 0.8 5.5 0 10.6-3.4 12.5-8.8l16.2-45.3h62.4c0.5 0 1.1 0 1.6-0.1l16.2 45.4c1.9 5.4 7.1 8.8 12.5 8.8 1.5 0 3-0.3 4.5-0.8 6.9-2.5 10.5-10.1 8-17l-60.6-169.9c-0.1-0.4-0.3-0.8-0.5-1.2l-0.6-1.2c-0.1-0.2-0.3-0.4-0.4-0.7-0.1-0.1-0.2-0.3-0.3-0.4-0.1-0.2-0.3-0.4-0.5-0.6-0.1-0.1-0.2-0.3-0.4-0.4-0.1-0.2-0.3-0.3-0.5-0.5s-0.3-0.3-0.5-0.5c-0.1-0.1-0.3-0.2-0.4-0.4-0.2-0.2-0.4-0.3-0.6-0.5-0.1-0.1-0.3-0.2-0.4-0.3-0.2-0.1-0.4-0.3-0.6-0.4l-0.6-0.3s-0.4-0.2-0.6-0.3c-0.4-0.2-0.8-0.4-1.2-0.5h-0.1l-1.2-0.3c-0.2 0-0.3-0.1-0.5-0.1-0.3-0.1-0.5-0.1-0.8-0.2-0.2 0-0.4 0-0.6-0.1-0.2 0-0.5-0.1-0.7-0.1s-0.4 0-0.6 0h-0.7c-0.2 0-0.5 0-0.7 0.1-0.2 0-0.4 0-0.6 0.1-0.3 0-0.5 0.1-0.8 0.2-0.2 0-0.3 0.1-0.5 0.1-0.4 0.1-0.8 0.2-1.1 0.3h-0.1c-0.4 0.1-0.8 0.3-1.2 0.5l-1.2 0.6c-0.2 0.1-0.4 0.3-0.7 0.4-0.1 0.1-0.3 0.2-0.4 0.3-0.2 0.2-0.4 0.3-0.6 0.5-0.1 0.1-0.3 0.2-0.4 0.4l-0.5 0.5s-0.3 0.3-0.5 0.5c-0.1 0.1-0.2 0.3-0.4 0.4-0.2 0.2-0.3 0.4-0.5 0.6-0.1 0.1-0.2 0.3-0.3 0.4-0.1 0.2-0.3 0.4-0.4 0.6l-0.6 1.2c-0.2 0.4-0.4 0.8-0.5 1.2l-60.8 169.9c-2.2 7 1.4 14.6 8.3 17.1zm65.3-142.9 22.5 63h-45.1l22.6-63z\"\/><\/svg>1 min read<\/span><\/div><div class=\"ultp-block-excerpt\"><p>A Ordem dos Engenheiros de Cabo Verde, comemorou o seu dia, 4 de maio, com v\u00e1rias atividades. Da programa\u00e7\u00e3o constaram palestras sobre diversos temas como O papel da ordem dos engenheiros na sociedade caboverdiana, mobiliza\u00e7\u00e3o de \u00e1gua dessalinizada para agricultura, intelig\u00eancia artificial na engenharia em Cabo Verde,&hellip;<\/p>\n<\/div><\/div><\/div><\/article><article class=\"ultp-block-item post-id-2842\"><div class=\"ultp-block-content-wrap\"><div class=\"ultp-block-image ultp-block-image-opacity\"><a href=\"https:\/\/oecv.cv\/?p=2842\" ><img decoding=\"async\"  src=\"https:\/\/oecv.cv\/wp-content\/plugins\/ultimate-post\/assets\/img\/ultp-fallback-img.png\" alt=\"dummy-img\" \/><\/a><\/div><div class=\"ultp-block-content\"><h3 class=\"ultp-block-title \"><a href=\"https:\/\/oecv.cv\/?p=2842\" >Discuso Baston\u00e1rio<\/a><\/h3><div class=\"ultp-block-meta ultp-block-meta-dot ultp-block-meta-icon\"><span class=\"ultp-block-author\"><svg xmlns=\"http:\/\/www.w3.org\/2000\/svg\" viewBox=\"0 0 18 20\"><path d=\"M18,19 C18,19.5522847 17.5522847,20 17,20 C16.4477153,20 16,19.5522847 16,19 L16,17 C16,15.3431458 14.6568542,14 13,14 L5,14 C3.34314575,14 2,15.3431458 2,17 L2,19 C2,19.5522847 1.55228475,20 1,20 C0.44771525,20 0,19.5522847 0,19 L0,17 C0,14.2385763 2.23857625,12 5,12 L13,12 C15.7614237,12 18,14.2385763 18,17 L18,19 Z M9,10 C6.23857625,10 4,7.76142375 4,5 C4,2.23857625 6.23857625,0 9,0 C11.7614237,0 14,2.23857625 14,5 C14,7.76142375 11.7614237,10 9,10 Z M9,8 C10.6568542,8 12,6.65685425 12,5 C12,3.34314575 10.6568542,2 9,2 C7.34314575,2 6,3.34314575 6,5 C6,6.65685425 7.34314575,8 9,8 Z\"\/><\/svg><a href=\"javascript:void(0)\">oecv<\/a><\/span><span class=\"ultp-block-date\"><svg xmlns=\"http:\/\/www.w3.org\/2000\/svg\" viewBox=\"0 0 18 19\"><path d=\"M4.60069444,4.09375 L3.25,4.09375 C2.47334957,4.09375 1.84375,4.72334957 1.84375,5.5 L1.84375,7.26736111 L16.15625,7.26736111 L16.15625,5.5 C16.15625,4.72334957 15.5266504,4.09375 14.75,4.09375 L13.3993056,4.09375 L13.3993056,4.55555556 C13.3993056,5.02154581 13.0215458,5.39930556 12.5555556,5.39930556 C12.0895653,5.39930556 11.7118056,5.02154581 11.7118056,4.55555556 L11.7118056,4.09375 L6.28819444,4.09375 L6.28819444,4.55555556 C6.28819444,5.02154581 5.9104347,5.39930556 5.44444444,5.39930556 C4.97845419,5.39930556 4.60069444,5.02154581 4.60069444,4.55555556 L4.60069444,4.09375 Z M6.28819444,2.40625 L11.7118056,2.40625 L11.7118056,1 C11.7118056,0.534009742 12.0895653,0.15625 12.5555556,0.15625 C13.0215458,0.15625 13.3993056,0.534009742 13.3993056,1 L13.3993056,2.40625 L14.75,2.40625 C16.4586309,2.40625 17.84375,3.79136906 17.84375,5.5 L17.84375,15.875 C17.84375,17.5836309 16.4586309,18.96875 14.75,18.96875 L3.25,18.96875 C1.54136906,18.96875 0.15625,17.5836309 0.15625,15.875 L0.15625,5.5 C0.15625,3.79136906 1.54136906,2.40625 3.25,2.40625 L4.60069444,2.40625 L4.60069444,1 C4.60069444,0.534009742 4.97845419,0.15625 5.44444444,0.15625 C5.9104347,0.15625 6.28819444,0.534009742 6.28819444,1 L6.28819444,2.40625 Z M1.84375,8.95486111 L1.84375,15.875 C1.84375,16.6516504 2.47334957,17.28125 3.25,17.28125 L14.75,17.28125 C15.5266504,17.28125 16.15625,16.6516504 16.15625,15.875 L16.15625,8.95486111 L1.84375,8.95486111 Z\"\/><\/svg>Jul 1, 2024<\/span><span class=\"ultp-post-read\"><svg xmlns=\"http:\/\/www.w3.org\/2000\/svg\" enable-background=\"new 0 0 485.5 485.5\" viewBox=\"0 0 485.5 485.5\"><path d=\"m422.1 126.2h-295.7c-27.4 0-49.8-22.3-49.8-49.8 0-27.4 22.3-49.8 49.8-49.8h295.8c7.4 0 13.3-6 13.3-13.3 0-7.4-6-13.3-13.3-13.3h-295.8c-42.1 0-76.4 34.3-76.4 76.4v332.7c0 42.1 34.3 76.4 76.4 76.4h295.8c7.4 0 13.3-6 13.3-13.3v-332.7c-0.1-7.3-6-13.3-13.4-13.3zm-13.3 332.7h-282.4c-27.4 0-49.8-22.3-49.8-49.8v-274.7c13.4 11.5 30.8 18.5 49.8 18.5h282.4v306z\"\/><path d=\"M130.6,64.3c-7.4,0-13.3,6-13.3,13.3s6,13.3,13.3,13.3h249.8c7.4,0,13.3-6,13.3-13.3s-6-13.3-13.3-13.3H130.6z\"\/><path d=\"m177.4 400.7c1.5 0.5 3 0.8 4.5 0.8 5.5 0 10.6-3.4 12.5-8.8l16.2-45.3h62.4c0.5 0 1.1 0 1.6-0.1l16.2 45.4c1.9 5.4 7.1 8.8 12.5 8.8 1.5 0 3-0.3 4.5-0.8 6.9-2.5 10.5-10.1 8-17l-60.6-169.9c-0.1-0.4-0.3-0.8-0.5-1.2l-0.6-1.2c-0.1-0.2-0.3-0.4-0.4-0.7-0.1-0.1-0.2-0.3-0.3-0.4-0.1-0.2-0.3-0.4-0.5-0.6-0.1-0.1-0.2-0.3-0.4-0.4-0.1-0.2-0.3-0.3-0.5-0.5s-0.3-0.3-0.5-0.5c-0.1-0.1-0.3-0.2-0.4-0.4-0.2-0.2-0.4-0.3-0.6-0.5-0.1-0.1-0.3-0.2-0.4-0.3-0.2-0.1-0.4-0.3-0.6-0.4l-0.6-0.3s-0.4-0.2-0.6-0.3c-0.4-0.2-0.8-0.4-1.2-0.5h-0.1l-1.2-0.3c-0.2 0-0.3-0.1-0.5-0.1-0.3-0.1-0.5-0.1-0.8-0.2-0.2 0-0.4 0-0.6-0.1-0.2 0-0.5-0.1-0.7-0.1s-0.4 0-0.6 0h-0.7c-0.2 0-0.5 0-0.7 0.1-0.2 0-0.4 0-0.6 0.1-0.3 0-0.5 0.1-0.8 0.2-0.2 0-0.3 0.1-0.5 0.1-0.4 0.1-0.8 0.2-1.1 0.3h-0.1c-0.4 0.1-0.8 0.3-1.2 0.5l-1.2 0.6c-0.2 0.1-0.4 0.3-0.7 0.4-0.1 0.1-0.3 0.2-0.4 0.3-0.2 0.2-0.4 0.3-0.6 0.5-0.1 0.1-0.3 0.2-0.4 0.4l-0.5 0.5s-0.3 0.3-0.5 0.5c-0.1 0.1-0.2 0.3-0.4 0.4-0.2 0.2-0.3 0.4-0.5 0.6-0.1 0.1-0.2 0.3-0.3 0.4-0.1 0.2-0.3 0.4-0.4 0.6l-0.6 1.2c-0.2 0.4-0.4 0.8-0.5 1.2l-60.8 169.9c-2.2 7 1.4 14.6 8.3 17.1zm65.3-142.9 22.5 63h-45.1l22.6-63z\"\/><\/svg>1 min read<\/span><\/div><div class=\"ultp-block-excerpt\"><p>Discurso do Senhor Baston\u00e1rio, na abertura do Primeiro Congresso de Engenharia que teve lugar nos dias 21 e 22 de Junho na Cidade da Praia<\/p>\n<\/div><\/div><\/div><\/article><article class=\"ultp-block-item post-id-2840\"><div class=\"ultp-block-content-wrap\"><div class=\"ultp-block-image ultp-block-image-opacity\"><a href=\"https:\/\/oecv.cv\/?p=2840\" ><img decoding=\"async\"  src=\"https:\/\/oecv.cv\/wp-content\/plugins\/ultimate-post\/assets\/img\/ultp-fallback-img.png\" alt=\"dummy-img\" \/><\/a><\/div><div class=\"ultp-block-content\"><h3 class=\"ultp-block-title \"><a href=\"https:\/\/oecv.cv\/?p=2840\" >INFORMA\u00c7\u00c3O<\/a><\/h3><div class=\"ultp-block-meta ultp-block-meta-dot ultp-block-meta-icon\"><span class=\"ultp-block-author\"><svg xmlns=\"http:\/\/www.w3.org\/2000\/svg\" viewBox=\"0 0 18 20\"><path d=\"M18,19 C18,19.5522847 17.5522847,20 17,20 C16.4477153,20 16,19.5522847 16,19 L16,17 C16,15.3431458 14.6568542,14 13,14 L5,14 C3.34314575,14 2,15.3431458 2,17 L2,19 C2,19.5522847 1.55228475,20 1,20 C0.44771525,20 0,19.5522847 0,19 L0,17 C0,14.2385763 2.23857625,12 5,12 L13,12 C15.7614237,12 18,14.2385763 18,17 L18,19 Z M9,10 C6.23857625,10 4,7.76142375 4,5 C4,2.23857625 6.23857625,0 9,0 C11.7614237,0 14,2.23857625 14,5 C14,7.76142375 11.7614237,10 9,10 Z M9,8 C10.6568542,8 12,6.65685425 12,5 C12,3.34314575 10.6568542,2 9,2 C7.34314575,2 6,3.34314575 6,5 C6,6.65685425 7.34314575,8 9,8 Z\"\/><\/svg><a href=\"javascript:void(0)\">oecv<\/a><\/span><span class=\"ultp-block-date\"><svg xmlns=\"http:\/\/www.w3.org\/2000\/svg\" viewBox=\"0 0 18 19\"><path d=\"M4.60069444,4.09375 L3.25,4.09375 C2.47334957,4.09375 1.84375,4.72334957 1.84375,5.5 L1.84375,7.26736111 L16.15625,7.26736111 L16.15625,5.5 C16.15625,4.72334957 15.5266504,4.09375 14.75,4.09375 L13.3993056,4.09375 L13.3993056,4.55555556 C13.3993056,5.02154581 13.0215458,5.39930556 12.5555556,5.39930556 C12.0895653,5.39930556 11.7118056,5.02154581 11.7118056,4.55555556 L11.7118056,4.09375 L6.28819444,4.09375 L6.28819444,4.55555556 C6.28819444,5.02154581 5.9104347,5.39930556 5.44444444,5.39930556 C4.97845419,5.39930556 4.60069444,5.02154581 4.60069444,4.55555556 L4.60069444,4.09375 Z M6.28819444,2.40625 L11.7118056,2.40625 L11.7118056,1 C11.7118056,0.534009742 12.0895653,0.15625 12.5555556,0.15625 C13.0215458,0.15625 13.3993056,0.534009742 13.3993056,1 L13.3993056,2.40625 L14.75,2.40625 C16.4586309,2.40625 17.84375,3.79136906 17.84375,5.5 L17.84375,15.875 C17.84375,17.5836309 16.4586309,18.96875 14.75,18.96875 L3.25,18.96875 C1.54136906,18.96875 0.15625,17.5836309 0.15625,15.875 L0.15625,5.5 C0.15625,3.79136906 1.54136906,2.40625 3.25,2.40625 L4.60069444,2.40625 L4.60069444,1 C4.60069444,0.534009742 4.97845419,0.15625 5.44444444,0.15625 C5.9104347,0.15625 6.28819444,0.534009742 6.28819444,1 L6.28819444,2.40625 Z M1.84375,8.95486111 L1.84375,15.875 C1.84375,16.6516504 2.47334957,17.28125 3.25,17.28125 L14.75,17.28125 C15.5266504,17.28125 16.15625,16.6516504 16.15625,15.875 L16.15625,8.95486111 L1.84375,8.95486111 Z\"\/><\/svg>Jul 1, 2024<\/span><span class=\"ultp-post-read\"><svg xmlns=\"http:\/\/www.w3.org\/2000\/svg\" enable-background=\"new 0 0 485.5 485.5\" viewBox=\"0 0 485.5 485.5\"><path d=\"m422.1 126.2h-295.7c-27.4 0-49.8-22.3-49.8-49.8 0-27.4 22.3-49.8 49.8-49.8h295.8c7.4 0 13.3-6 13.3-13.3 0-7.4-6-13.3-13.3-13.3h-295.8c-42.1 0-76.4 34.3-76.4 76.4v332.7c0 42.1 34.3 76.4 76.4 76.4h295.8c7.4 0 13.3-6 13.3-13.3v-332.7c-0.1-7.3-6-13.3-13.4-13.3zm-13.3 332.7h-282.4c-27.4 0-49.8-22.3-49.8-49.8v-274.7c13.4 11.5 30.8 18.5 49.8 18.5h282.4v306z\"\/><path d=\"M130.6,64.3c-7.4,0-13.3,6-13.3,13.3s6,13.3,13.3,13.3h249.8c7.4,0,13.3-6,13.3-13.3s-6-13.3-13.3-13.3H130.6z\"\/><path d=\"m177.4 400.7c1.5 0.5 3 0.8 4.5 0.8 5.5 0 10.6-3.4 12.5-8.8l16.2-45.3h62.4c0.5 0 1.1 0 1.6-0.1l16.2 45.4c1.9 5.4 7.1 8.8 12.5 8.8 1.5 0 3-0.3 4.5-0.8 6.9-2.5 10.5-10.1 8-17l-60.6-169.9c-0.1-0.4-0.3-0.8-0.5-1.2l-0.6-1.2c-0.1-0.2-0.3-0.4-0.4-0.7-0.1-0.1-0.2-0.3-0.3-0.4-0.1-0.2-0.3-0.4-0.5-0.6-0.1-0.1-0.2-0.3-0.4-0.4-0.1-0.2-0.3-0.3-0.5-0.5s-0.3-0.3-0.5-0.5c-0.1-0.1-0.3-0.2-0.4-0.4-0.2-0.2-0.4-0.3-0.6-0.5-0.1-0.1-0.3-0.2-0.4-0.3-0.2-0.1-0.4-0.3-0.6-0.4l-0.6-0.3s-0.4-0.2-0.6-0.3c-0.4-0.2-0.8-0.4-1.2-0.5h-0.1l-1.2-0.3c-0.2 0-0.3-0.1-0.5-0.1-0.3-0.1-0.5-0.1-0.8-0.2-0.2 0-0.4 0-0.6-0.1-0.2 0-0.5-0.1-0.7-0.1s-0.4 0-0.6 0h-0.7c-0.2 0-0.5 0-0.7 0.1-0.2 0-0.4 0-0.6 0.1-0.3 0-0.5 0.1-0.8 0.2-0.2 0-0.3 0.1-0.5 0.1-0.4 0.1-0.8 0.2-1.1 0.3h-0.1c-0.4 0.1-0.8 0.3-1.2 0.5l-1.2 0.6c-0.2 0.1-0.4 0.3-0.7 0.4-0.1 0.1-0.3 0.2-0.4 0.3-0.2 0.2-0.4 0.3-0.6 0.5-0.1 0.1-0.3 0.2-0.4 0.4l-0.5 0.5s-0.3 0.3-0.5 0.5c-0.1 0.1-0.2 0.3-0.4 0.4-0.2 0.2-0.3 0.4-0.5 0.6-0.1 0.1-0.2 0.3-0.3 0.4-0.1 0.2-0.3 0.4-0.4 0.6l-0.6 1.2c-0.2 0.4-0.4 0.8-0.5 1.2l-60.8 169.9c-2.2 7 1.4 14.6 8.3 17.1zm65.3-142.9 22.5 63h-45.1l22.6-63z\"\/><\/svg>2 min read<\/span><\/div><div class=\"ultp-block-excerpt\"><p>A Universidade de Cabo Verde (Uni-CV), atrav\u00e9s do Centro de Investiga\u00e7\u00e3o em Desenvolvimento Local e Ordenamento de Territ\u00f3rio (CIDLOT) no quadro da sua atribui\u00e7\u00e3o, pretende realizar um curso de \u201cFundamentos de Sistemas de Informa\u00e7\u00e3o Geogr\u00e1fica\u201d. Este curso visa fortalecer as compet\u00eancias t\u00e9cnicas nesta \u00e1rea transversal a v\u00e1rios&hellip;<\/p>\n<\/div><\/div><\/div><\/article><\/div><\/div><\/div><\/div>\t\t\t\t<\/div>\n\t\t\t\t<\/div>\n\t\t\t\t\t<\/div>\n\t\t\t\t<\/div>\n\t\t\t\t<\/div>\n\t\t","protected":false},"excerpt":{"rendered":"<p>Not\u00edcias OECV noticias Provedor da Justi\u00e7a re\u00fane com a OECV oecvAbr 9, 20241 min read O Provedor da Justi\u00e7a de Cabo Verde, Dr. Jos\u00e9 Carlos Delgado, reuniu-se com o Baston\u00e1rio da Ordem dos Engenheiros, Eng\u00ba Carlos Sousa Monteiro. O encontro teve como um dos objetivos&hellip;<\/p>\n","protected":false},"author":1,"featured_media":0,"parent":0,"menu_order":0,"comment_status":"closed","ping_status":"closed","template":"","meta":{"_monsterinsights_skip_tracking":false,"_monsterinsights_sitenote_active":false,"_monsterinsights_sitenote_note":"","_monsterinsights_sitenote_category":0,"footnotes":""},"class_list":["post-2232","page","type-page","status-publish","hentry"],"aioseo_notices":[],"_links":{"self":[{"href":"https:\/\/oecv.cv\/index.php?rest_route=\/wp\/v2\/pages\/2232","targetHints":{"allow":["GET"]}}],"collection":[{"href":"https:\/\/oecv.cv\/index.php?rest_route=\/wp\/v2\/pages"}],"about":[{"href":"https:\/\/oecv.cv\/index.php?rest_route=\/wp\/v2\/types\/page"}],"author":[{"embeddable":true,"href":"https:\/\/oecv.cv\/index.php?rest_route=\/wp\/v2\/users\/1"}],"replies":[{"embeddable":true,"href":"https:\/\/oecv.cv\/index.php?rest_route=%2Fwp%2Fv2%2Fcomments&post=2232"}],"version-history":[{"count":8,"href":"https:\/\/oecv.cv\/index.php?rest_route=\/wp\/v2\/pages\/2232\/revisions"}],"predecessor-version":[{"id":2716,"href":"https:\/\/oecv.cv\/index.php?rest_route=\/wp\/v2\/pages\/2232\/revisions\/2716"}],"wp:attachment":[{"href":"https:\/\/oecv.cv\/index.php?rest_route=%2Fwp%2Fv2%2Fmedia&parent=2232"}],"curies":[{"name":"wp","href":"https:\/\/api.w.org\/{rel}","templated":true}]}}