{"id":2211,"date":"2024-03-11T19:19:32","date_gmt":"2024-03-11T19:19:32","guid":{"rendered":"https:\/\/oecv.cv\/?page_id=2211"},"modified":"2024-03-12T11:49:50","modified_gmt":"2024-03-12T11:49:50","slug":"calendario","status":"publish","type":"page","link":"https:\/\/oecv.cv\/?page_id=2211","title":{"rendered":"Calend\u00e1rio dos Eventos e Forma\u00e7\u00e3o"},"content":{"rendered":"<div class='etn-row etn-event-wrapper'>\n        <div class=\"etn-col-md-6 etn-col-lg-12\">\n        <div class=\"etn-event-item\">\n            <!-- thumbnail -->\n            <div class=\"etn-event-thumb\">\n                                    <a \n                        href=\"https:\/\/oecv.cv\/?etn=lancamento-do-website-da-ordem\" \n                        aria-label=\"Calend\u00e1rio dos Eventos e Forma\u00e7\u00e3o\"\n                    >\n                        <img fetchpriority=\"high\" decoding=\"async\" width=\"1024\" height=\"1024\" src=\"https:\/\/oecv.cv\/wp-content\/uploads\/2024\/03\/18206357_Isometric_business_concepts_business_planning_strategy_Great_concept_for_a_Landing_page-1024x1024.jpg\" class=\"attachment-large size-large wp-post-image\" alt=\"\" srcset=\"https:\/\/oecv.cv\/wp-content\/uploads\/2024\/03\/18206357_Isometric_business_concepts_business_planning_strategy_Great_concept_for_a_Landing_page-1024x1024.jpg 1024w, https:\/\/oecv.cv\/wp-content\/uploads\/2024\/03\/18206357_Isometric_business_concepts_business_planning_strategy_Great_concept_for_a_Landing_page-300x300.jpg 300w, https:\/\/oecv.cv\/wp-content\/uploads\/2024\/03\/18206357_Isometric_business_concepts_business_planning_strategy_Great_concept_for_a_Landing_page-150x150.jpg 150w, https:\/\/oecv.cv\/wp-content\/uploads\/2024\/03\/18206357_Isometric_business_concepts_business_planning_strategy_Great_concept_for_a_Landing_page-768x768.jpg 768w, https:\/\/oecv.cv\/wp-content\/uploads\/2024\/03\/18206357_Isometric_business_concepts_business_planning_strategy_Great_concept_for_a_Landing_page-1536x1536.jpg 1536w, https:\/\/oecv.cv\/wp-content\/uploads\/2024\/03\/18206357_Isometric_business_concepts_business_planning_strategy_Great_concept_for_a_Landing_page-2048x2048.jpg 2048w, https:\/\/oecv.cv\/wp-content\/uploads\/2024\/03\/18206357_Isometric_business_concepts_business_planning_strategy_Great_concept_for_a_Landing_page-140x140.jpg 140w, https:\/\/oecv.cv\/wp-content\/uploads\/2024\/03\/18206357_Isometric_business_concepts_business_planning_strategy_Great_concept_for_a_Landing_page-535x535.jpg 535w, https:\/\/oecv.cv\/wp-content\/uploads\/2024\/03\/18206357_Isometric_business_concepts_business_planning_strategy_Great_concept_for_a_Landing_page-100x100.jpg 100w, https:\/\/oecv.cv\/wp-content\/uploads\/2024\/03\/18206357_Isometric_business_concepts_business_planning_strategy_Great_concept_for_a_Landing_page-scaled-e1710270623321.jpg 560w\" sizes=\"(max-width: 1024px) 100vw, 1024px\" \/>                    <\/a>\n                                \n                <div class=\"etn-event-category\">\n                    <span>calend\u00e1rio<\/span>                 <\/div>\n                            <\/div>\n            <!-- thumbnail start-->\n\n            <!-- content start-->\n            <div class=\"etn-event-content\">\n                                                   \n                                \n                <h3 class=\"etn-title etn-event-title\"><a href=\"https:\/\/oecv.cv\/?etn=lancamento-do-website-da-ordem\">\n                    Lan\u00e7amento do Website da Ordem<\/a>\n                <\/h3>\n                                    <p>\n                        Lan\u00e7amento do novo website da Ordem                    <\/p>\n                                \n                <div class=\"etn-event-footer\">\n                    <div class=\"etn-event-date\">\n                                            <\/div>\n                    <div class=\"etn-atend-btn\">\n                                                <a href=\"https:\/\/oecv.cv\/?etn=lancamento-do-website-da-ordem\" class=\"etn-btn etn-btn-border\"\n                            title=\"Lan\u00e7amento do Website da Ordem\">Attend                            <i class=\"etn-icon etm-arrow-right\"><\/i><\/a>\n                                            <\/div>\n                <\/div>\n            <\/div>\n                        <!-- content end-->\n        <\/div>\n        <!-- etn event item end-->\n    <\/div>\n    <\/div>\n","protected":false},"excerpt":{"rendered":"","protected":false},"author":1,"featured_media":0,"parent":0,"menu_order":0,"comment_status":"closed","ping_status":"closed","template":"","meta":{"_monsterinsights_skip_tracking":false,"_monsterinsights_sitenote_active":false,"_monsterinsights_sitenote_note":"","_monsterinsights_sitenote_category":0,"footnotes":""},"class_list":["post-2211","page","type-page","status-publish","hentry"],"aioseo_notices":[],"_links":{"self":[{"href":"https:\/\/oecv.cv\/index.php?rest_route=\/wp\/v2\/pages\/2211","targetHints":{"allow":["GET"]}}],"collection":[{"href":"https:\/\/oecv.cv\/index.php?rest_route=\/wp\/v2\/pages"}],"about":[{"href":"https:\/\/oecv.cv\/index.php?rest_route=\/wp\/v2\/types\/page"}],"author":[{"embeddable":true,"href":"https:\/\/oecv.cv\/index.php?rest_route=\/wp\/v2\/users\/1"}],"replies":[{"embeddable":true,"href":"https:\/\/oecv.cv\/index.php?rest_route=%2Fwp%2Fv2%2Fcomments&post=2211"}],"version-history":[{"count":7,"href":"https:\/\/oecv.cv\/index.php?rest_route=\/wp\/v2\/pages\/2211\/revisions"}],"predecessor-version":[{"id":2451,"href":"https:\/\/oecv.cv\/index.php?rest_route=\/wp\/v2\/pages\/2211\/revisions\/2451"}],"wp:attachment":[{"href":"https:\/\/oecv.cv\/index.php?rest_route=%2Fwp%2Fv2%2Fmedia&parent=2211"}],"curies":[{"name":"wp","href":"https:\/\/api.w.org\/{rel}","templated":true}]}}