{"id":2206,"date":"2024-03-11T19:19:54","date_gmt":"2024-03-11T19:19:54","guid":{"rendered":"https:\/\/oecv.cv\/?page_id=2206"},"modified":"2024-04-08T18:56:00","modified_gmt":"2024-04-08T18:56:00","slug":"codigo-de-etica-e-conduta","status":"publish","type":"page","link":"https:\/\/oecv.cv\/?page_id=2206","title":{"rendered":"C\u00f3digo de \u00c9tica e Conduta"},"content":{"rendered":"\n<p>Na Ordem de Engenheiros de Cabo Verde, a integridade, a excel\u00eancia profissional e a responsabilidade social s\u00e3o os pilares que sustentam as pr\u00e1ticas e intera\u00e7\u00f5es dos nossos membros. O nosso C\u00f3digo de \u00c9tica e Conduta \u00e9 uma express\u00e3o desses valores fundamentais, fornecendo um quadro de refer\u00eancia para o comportamento \u00e9tico e profissional esperado de todos os membros, em todas as suas atividades e intera\u00e7\u00f5es.<\/p>\n\n\n\n\t\t\r\n<div class=\"container service_style1 wlsbp-service-2527\">\r\n\t\t<h2 class=\"wlsbp-ServiceShowcase-title\">C\u00f3digo de \u00c9tica e Conduta<\/h2>\r\n\t\t<div class=\"row\">\r\n\t\t\t\t\t\t\t<div class=\"wlsbp col-md-3 col-sm-6 sbp_grid\">\r\n\t\t\t\t\t\t<div class=\"ServiceShowcase wlsbp-style1-service-bg-color-2527\">\r\n\t\t\t\t\t\t\t\t\t\t\t\t\t\t<div class=\"wlsbp-style1-service-icon wlsbp-style1-service-icon-2527\"><i class=\"fas fa-balance-scale\"><\/i>\r\n\t\t\t\t\t\t\t<\/div>\r\n\t\t\t\t\t\t\t\t\t\t\t\t\t\t\t\t\t\t\t\t\t\t<h3 class=\"wlsbp-style1-service-title wlsbp-style1-service-title-2527\">Integridade<\/h3>\r\n\t\t\t\t\t\t\t\t\t\t\t\t\t\t\t\t\t\t\t\t\t\t<p class=\"wlsbp-style1-service-desc wlsbp-style1-service-desc-2527\">Membros devem agir com honestidade, transpar\u00eancia e justi\u00e7a em todas as suas pr\u00e1ticas profissionais, mantendo a confian\u00e7a p\u00fablica na profiss\u00e3o.<\/p>\r\n\t\t\t\t\t\t\t\t\t\t\t\t\t\t \t\t\t\t\t\t<\/div>\r\n\t\t\t\t\t<\/div>\r\n\t\t\t\t\t\t\t\t\t<div class=\"wlsbp col-md-3 col-sm-6 sbp_grid\">\r\n\t\t\t\t\t\t<div class=\"ServiceShowcase wlsbp-style1-service-bg-color-2527\">\r\n\t\t\t\t\t\t\t\t\t\t\t\t\t\t<div class=\"wlsbp-style1-service-icon wlsbp-style1-service-icon-2527\"><i class=\"fas fa-graduation-cap\"><\/i>\r\n\t\t\t\t\t\t\t<\/div>\r\n\t\t\t\t\t\t\t\t\t\t\t\t\t\t\t\t\t\t\t\t\t\t<h3 class=\"wlsbp-style1-service-title wlsbp-style1-service-title-2527\">Compet\u00eancia<\/h3>\r\n\t\t\t\t\t\t\t\t\t\t\t\t\t\t\t\t\t\t\t\t\t\t<p class=\"wlsbp-style1-service-desc wlsbp-style1-service-desc-2527\">Comprometemo-nos com a manuten\u00e7\u00e3o e o desenvolvimento cont\u00ednuo das nossas habilidades e conhecimentos t\u00e9cnicos, assegurando que todas as atividades profissionais sejam realizadas com a compet\u00eancia adequada.<\/p>\r\n\t\t\t\t\t\t\t\t\t\t\t\t\t\t \t\t\t\t\t\t<\/div>\r\n\t\t\t\t\t<\/div>\r\n\t\t\t\t\t\t\t\t\t<div class=\"wlsbp col-md-3 col-sm-6 sbp_grid\">\r\n\t\t\t\t\t\t<div class=\"ServiceShowcase wlsbp-style1-service-bg-color-2527\">\r\n\t\t\t\t\t\t\t\t\t\t\t\t\t\t<div class=\"wlsbp-style1-service-icon wlsbp-style1-service-icon-2527\"><i class=\"fas fa-user-md\"><\/i>\r\n\t\t\t\t\t\t\t<\/div>\r\n\t\t\t\t\t\t\t\t\t\t\t\t\t\t\t\t\t\t\t\t\t\t<h3 class=\"wlsbp-style1-service-title wlsbp-style1-service-title-2527\">Responsabilidade Profissional<\/h3>\r\n\t\t\t\t\t\t\t\t\t\t\t\t\t\t\t\t\t\t\t\t\t\t<p class=\"wlsbp-style1-service-desc wlsbp-style1-service-desc-2527\">Cada membro deve assumir a responsabilidade pelas suas decis\u00f5es e a\u00e7\u00f5es, garantindo que seu trabalho contribua positivamente para a sociedade e para o meio ambiente, evitando danos.<\/p>\r\n\t\t\t\t\t\t\t\t\t\t\t\t\t\t \t\t\t\t\t\t<\/div>\r\n\t\t\t\t\t<\/div>\r\n\t\t\t\t\t\t\t\t\t<div class=\"wlsbp col-md-3 col-sm-6 sbp_grid\">\r\n\t\t\t\t\t\t<div class=\"ServiceShowcase wlsbp-style1-service-bg-color-2527\">\r\n\t\t\t\t\t\t\t\t\t\t\t\t\t\t<div class=\"wlsbp-style1-service-icon wlsbp-style1-service-icon-2527\"><i class=\"fas fa-users\"><\/i>\r\n\t\t\t\t\t\t\t<\/div>\r\n\t\t\t\t\t\t\t\t\t\t\t\t\t\t\t\t\t\t\t\t\t\t<h3 class=\"wlsbp-style1-service-title wlsbp-style1-service-title-2527\">Respeito pelas Pessoas<\/h3>\r\n\t\t\t\t\t\t\t\t\t\t\t\t\t\t\t\t\t\t\t\t\t\t<p class=\"wlsbp-style1-service-desc wlsbp-style1-service-desc-2527\">Devemos tratar todos com respeito, promovendo um ambiente de trabalho inclusivo e livre de discrimina\u00e7\u00e3o, ass\u00e9dio ou qualquer forma de tratamento injusto.<\/p>\r\n\t\t\t\t\t\t\t\t\t\t\t\t\t\t \t\t\t\t\t\t<\/div>\r\n\t\t\t\t\t<\/div>\r\n\t\t\t\t\t\t\t\t\t<div class=\"wlsbp col-md-3 col-sm-6 sbp_grid\">\r\n\t\t\t\t\t\t<div class=\"ServiceShowcase wlsbp-style1-service-bg-color-2527\">\r\n\t\t\t\t\t\t\t\t\t\t\t\t\t\t<div class=\"wlsbp-style1-service-icon wlsbp-style1-service-icon-2527\"><i class=\"fab fa-envira\"><\/i>\r\n\t\t\t\t\t\t\t<\/div>\r\n\t\t\t\t\t\t\t\t\t\t\t\t\t\t\t\t\t\t\t\t\t\t<h3 class=\"wlsbp-style1-service-title wlsbp-style1-service-title-2527\">Promo\u00e7\u00e3o da Sustentabilidade<\/h3>\r\n\t\t\t\t\t\t\t\t\t\t\t\t\t\t\t\t\t\t\t\t\t\t<p class=\"wlsbp-style1-service-desc wlsbp-style1-service-desc-2527\">Encorajamos pr\u00e1ticas que favore\u00e7am a sustentabilidade ambiental, econ\u00f3mica e social, contribuindo para o desenvolvimento sustent\u00e1vel de Cabo Verde e do planeta.<\/p>\r\n\t\t\t\t\t\t\t\t\t\t\t\t\t\t \t\t\t\t\t\t<\/div>\r\n\t\t\t\t\t<\/div>\r\n\t\t\t\t\t\t\t\t\t<div class=\"wlsbp col-md-3 col-sm-6 sbp_grid\">\r\n\t\t\t\t\t\t<div class=\"ServiceShowcase wlsbp-style1-service-bg-color-2527\">\r\n\t\t\t\t\t\t\t\t\t\t\t\t\t\t<div class=\"wlsbp-style1-service-icon wlsbp-style1-service-icon-2527\"><i class=\"fas fa-landmark\"><\/i>\r\n\t\t\t\t\t\t\t<\/div>\r\n\t\t\t\t\t\t\t\t\t\t\t\t\t\t\t\t\t\t\t\t\t\t<h3 class=\"wlsbp-style1-service-title wlsbp-style1-service-title-2527\">Vigil\u00e2ncia e Den\u00fancia<\/h3>\r\n\t\t\t\t\t\t\t\t\t\t\t\t\t\t\t\t\t\t\t\t\t\t<p class=\"wlsbp-style1-service-desc wlsbp-style1-service-desc-2527\">Encorajamos os membros a serem vigilantes e a denunciar qualquer comportamento que contrarie os princ\u00edpios deste c\u00f3digo, assegurando que a integridade da profiss\u00e3o seja mantida.<\/p>\r\n\t\t\t\t\t\t\t\t\t\t\t\t\t\t \t\t\t\t\t\t<\/div>\r\n\t\t\t\t\t<\/div>\r\n\t\t\t\t\t\t\t\t\t<div class=\"wlsbp col-md-3 col-sm-6 sbp_grid\">\r\n\t\t\t\t\t\t<div class=\"ServiceShowcase wlsbp-style1-service-bg-color-2527\">\r\n\t\t\t\t\t\t\t\t\t\t\t\t\t\t<div class=\"wlsbp-style1-service-icon wlsbp-style1-service-icon-2527\"><i class=\"fas fa-suitcase\"><\/i>\r\n\t\t\t\t\t\t\t<\/div>\r\n\t\t\t\t\t\t\t\t\t\t\t\t\t\t\t\t\t\t\t\t\t\t<h3 class=\"wlsbp-style1-service-title wlsbp-style1-service-title-2527\">Responsabilidade Individual<\/h3>\r\n\t\t\t\t\t\t\t\t\t\t\t\t\t\t\t\t\t\t\t\t\t\t<p class=\"wlsbp-style1-service-desc wlsbp-style1-service-desc-2527\">Cada membro \u00e9 pessoalmente respons\u00e1vel por aderir a este c\u00f3digo, promovendo e exemplificando os mais altos padr\u00f5es de \u00e9tica e conduta profissional.<\/p>\r\n\t\t\t\t\t\t\t\t\t\t\t\t\t\t \t\t\t\t\t\t<\/div>\r\n\t\t\t\t\t<\/div>\r\n\t\t\t\t\t\t\t\t\t<div class=\"wlsbp col-md-3 col-sm-6 sbp_grid\">\r\n\t\t\t\t\t\t<div class=\"ServiceShowcase wlsbp-style1-service-bg-color-2527\">\r\n\t\t\t\t\t\t\t\t\t\t\t\t\t\t<div class=\"wlsbp-style1-service-icon wlsbp-style1-service-icon-2527\"><i class=\"fas fa-chalkboard-teacher\"><\/i>\r\n\t\t\t\t\t\t\t<\/div>\r\n\t\t\t\t\t\t\t\t\t\t\t\t\t\t\t\t\t\t\t\t\t\t<h3 class=\"wlsbp-style1-service-title wlsbp-style1-service-title-2527\">Processo de Revis\u00e3o e San\u00e7\u00f5es<\/h3>\r\n\t\t\t\t\t\t\t\t\t\t\t\t\t\t\t\t\t\t\t\t\t\t<p class=\"wlsbp-style1-service-desc wlsbp-style1-service-desc-2527\">A Ordem disp\u00f5e de um processo claro para a revis\u00e3o de alega\u00e7\u00f5es de conduta anti\u00e9tica, com poss\u00edveis san\u00e7\u00f5es para garantir que as normas profissionais sejam respeitadas e mantidas.<\/p>\r\n\t\t\t\t\t\t\t\t\t\t\t\t\t\t \t\t\t\t\t\t<\/div>\r\n\t\t\t\t\t<\/div>\r\n\t\t\t\t\t<\/div>\r\n<\/div>\t\t\n\n\n\n<p>O nosso C\u00f3digo de \u00c9tica e Conduta \u00e9 um compromisso vivo com a excel\u00eancia, guiando os membros da Ordem de Engenheiros de Cabo Verde na sua jornada profissional. Ele serve n\u00e3o apenas como um guia para a a\u00e7\u00e3o individual, mas tamb\u00e9m como um padr\u00e3o coletivo que refor\u00e7a a nossa dedica\u00e7\u00e3o a uma pr\u00e1tica profissional que honra a nossa profiss\u00e3o, a sociedade e o ambiente.<\/p>\n\n\n\n<p>Para saber mais, <a href=\"https:\/\/oecv.cv\/wp-content\/uploads\/2024\/04\/Codigo-deontologco.pdf\" target=\"_blank\" rel=\"noopener\" title=\"\">clica aqui<\/a>.<\/p>\n","protected":false},"excerpt":{"rendered":"<p>Na Ordem de Engenheiros de Cabo Verde, a integridade, a excel\u00eancia profissional e a responsabilidade social s\u00e3o os pilares que sustentam as pr\u00e1ticas e intera\u00e7\u00f5es dos nossos membros. O nosso C\u00f3digo de \u00c9tica e Conduta \u00e9 uma express\u00e3o desses valores fundamentais, fornecendo um quadro de refer\u00eancia para<\/p>\n","protected":false},"author":1,"featured_media":0,"parent":0,"menu_order":0,"comment_status":"closed","ping_status":"closed","template":"","meta":{"_monsterinsights_skip_tracking":false,"_monsterinsights_sitenote_active":false,"_monsterinsights_sitenote_note":"","_monsterinsights_sitenote_category":0,"footnotes":""},"class_list":["post-2206","page","type-page","status-publish","hentry"],"aioseo_notices":[],"_links":{"self":[{"href":"https:\/\/oecv.cv\/index.php?rest_route=\/wp\/v2\/pages\/2206","targetHints":{"allow":["GET"]}}],"collection":[{"href":"https:\/\/oecv.cv\/index.php?rest_route=\/wp\/v2\/pages"}],"about":[{"href":"https:\/\/oecv.cv\/index.php?rest_route=\/wp\/v2\/types\/page"}],"author":[{"embeddable":true,"href":"https:\/\/oecv.cv\/index.php?rest_route=\/wp\/v2\/users\/1"}],"replies":[{"embeddable":true,"href":"https:\/\/oecv.cv\/index.php?rest_route=%2Fwp%2Fv2%2Fcomments&post=2206"}],"version-history":[{"count":4,"href":"https:\/\/oecv.cv\/index.php?rest_route=\/wp\/v2\/pages\/2206\/revisions"}],"predecessor-version":[{"id":2652,"href":"https:\/\/oecv.cv\/index.php?rest_route=\/wp\/v2\/pages\/2206\/revisions\/2652"}],"wp:attachment":[{"href":"https:\/\/oecv.cv\/index.php?rest_route=%2Fwp%2Fv2%2Fmedia&parent=2206"}],"curies":[{"name":"wp","href":"https:\/\/api.w.org\/{rel}","templated":true}]}}